{"id":2,"date":"2013-02-04T19:29:00","date_gmt":"2013-02-04T19:29:00","guid":{"rendered":"http:\/\/www.bartsch-keramik.de\/wordpress\/?page_id=2"},"modified":"2023-01-29T10:58:34","modified_gmt":"2023-01-29T08:58:34","slug":"beispiel-seite","status":"publish","type":"page","link":"https:\/\/www.bartsch-keramik.de\/","title":{"rendered":"Home"},"content":{"rendered":"\n<figure class=\"wp-block-gallery has-nested-images columns-default is-cropped wp-block-gallery-1 is-layout-flex wp-block-gallery-is-layout-flex\">\n<figure class=\"wp-block-image size-large\"><a href=\"https:\/\/www.bartsch-keramik.de\/wp-content\/uploads\/2014\/01\/IMG_0875.jpg\"><img loading=\"lazy\" decoding=\"async\" width=\"1024\" height=\"768\" data-id=\"216\" src=\"https:\/\/www.bartsch-keramik.de\/wp-content\/uploads\/2014\/01\/IMG_0875-1024x768.jpg\" alt=\"\" class=\"wp-image-216\" srcset=\"https:\/\/www.bartsch-keramik.de\/wp-content\/uploads\/2014\/01\/IMG_0875-1024x768.jpg 1024w, https:\/\/www.bartsch-keramik.de\/wp-content\/uploads\/2014\/01\/IMG_0875-300x225.jpg 300w\" sizes=\"auto, (max-width: 1024px) 100vw, 1024px\" \/><\/a><\/figure>\n\n\n\n<figure class=\"wp-block-image size-large\"><a href=\"https:\/\/www.bartsch-keramik.de\/wp-content\/uploads\/2015\/03\/IMG_1395.jpg\"><img loading=\"lazy\" decoding=\"async\" width=\"1024\" height=\"768\" data-id=\"436\" src=\"https:\/\/www.bartsch-keramik.de\/wp-content\/uploads\/2015\/03\/IMG_1395-1024x768.jpg\" alt=\"\" class=\"wp-image-436\" srcset=\"https:\/\/www.bartsch-keramik.de\/wp-content\/uploads\/2015\/03\/IMG_1395-1024x768.jpg 1024w, https:\/\/www.bartsch-keramik.de\/wp-content\/uploads\/2015\/03\/IMG_1395-300x225.jpg 300w\" sizes=\"auto, (max-width: 1024px) 100vw, 1024px\" \/><\/a><\/figure>\n<\/figure>\n\n\n<h3>Sch\u00f6n, dass uns der Ton so viele M\u00f6glichkeiten der Gestaltung&nbsp; gibt.<\/h3>\n<h3>Mal steht am Anfang eine Idee, mal entsteht sie w\u00e4hrend der Arbeit.<\/h3>\n<h3>Immer aber ist es das Zusammenspiel von Idee, Ton und Handarbeit, das ein neues Produkt entstehen l\u00e4sst.<\/h3>\n<p><\/p>\n<p><\/p>\n<p><\/p>","protected":false},"excerpt":{"rendered":"<p>Sch\u00f6n, dass uns der Ton so viele M\u00f6glichkeiten der Gestaltung&nbsp; gibt. Mal steht am Anfang eine Idee, mal entsteht sie w\u00e4hrend der Arbeit. Immer aber ist es das Zusammenspiel von Idee, Ton und Handarbeit, das ein neues Produkt entstehen l\u00e4sst.<\/p>\n","protected":false},"author":2,"featured_media":0,"parent":0,"menu_order":0,"comment_status":"closed","ping_status":"open","template":"","meta":{"footnotes":""},"class_list":["post-2","page","type-page","status-publish","hentry"],"_links":{"self":[{"href":"https:\/\/www.bartsch-keramik.de\/index.php?rest_route=\/wp\/v2\/pages\/2","targetHints":{"allow":["GET"]}}],"collection":[{"href":"https:\/\/www.bartsch-keramik.de\/index.php?rest_route=\/wp\/v2\/pages"}],"about":[{"href":"https:\/\/www.bartsch-keramik.de\/index.php?rest_route=\/wp\/v2\/types\/page"}],"author":[{"embeddable":true,"href":"https:\/\/www.bartsch-keramik.de\/index.php?rest_route=\/wp\/v2\/users\/2"}],"replies":[{"embeddable":true,"href":"https:\/\/www.bartsch-keramik.de\/index.php?rest_route=%2Fwp%2Fv2%2Fcomments&post=2"}],"version-history":[{"count":34,"href":"https:\/\/www.bartsch-keramik.de\/index.php?rest_route=\/wp\/v2\/pages\/2\/revisions"}],"predecessor-version":[{"id":900,"href":"https:\/\/www.bartsch-keramik.de\/index.php?rest_route=\/wp\/v2\/pages\/2\/revisions\/900"}],"wp:attachment":[{"href":"https:\/\/www.bartsch-keramik.de\/index.php?rest_route=%2Fwp%2Fv2%2Fmedia&parent=2"}],"curies":[{"name":"wp","href":"https:\/\/api.w.org\/{rel}","templated":true}]}}