{"id":30,"date":"2013-04-12T20:48:55","date_gmt":"2013-04-12T18:48:55","guid":{"rendered":"http:\/\/www.bartsch-keramik.de\/wordpress\/?page_id=30"},"modified":"2016-01-02T12:49:09","modified_gmt":"2016-01-02T10:49:09","slug":"werkstatt-2","status":"publish","type":"page","link":"https:\/\/www.bartsch-keramik.de\/?page_id=30","title":{"rendered":"Werkstatt"},"content":{"rendered":"<p><a href=\"https:\/\/www.bartsch-keramik.de\/wp-content\/uploads\/2015\/01\/IMG_1336.jpg\"><img loading=\"lazy\" decoding=\"async\" class=\"alignnone wp-image-361 size-medium\" src=\"https:\/\/www.bartsch-keramik.de\/wp-content\/uploads\/2015\/01\/IMG_1336-300x225.jpg\" alt=\"IMG_1336\" width=\"300\" height=\"225\" srcset=\"https:\/\/www.bartsch-keramik.de\/wp-content\/uploads\/2015\/01\/IMG_1336-300x225.jpg 300w, https:\/\/www.bartsch-keramik.de\/wp-content\/uploads\/2015\/01\/IMG_1336-1024x768.jpg 1024w\" sizes=\"auto, (max-width: 300px) 100vw, 300px\" \/><\/a><a href=\"https:\/\/www.bartsch-keramik.de\/wordpress\/wp-content\/uploads\/2013\/04\/012_10.jpg\">\u00a0\u00a0\u00a0\u00a0\u00a0\u00a0\u00a0\u00a0\u00a0\u00a0\u00a0\u00a0\u00a0\u00a0\u00a0\u00a0\u00a0\u00a0\u00a0 <\/a><a href=\"https:\/\/www.bartsch-keramik.de\/wp-content\/uploads\/2015\/02\/IMG_1456.jpg\"><img loading=\"lazy\" decoding=\"async\" class=\"alignnone wp-image-432 size-medium\" src=\"https:\/\/www.bartsch-keramik.de\/wp-content\/uploads\/2015\/02\/IMG_1456-300x298.jpg\" alt=\"IMG_1456\" width=\"300\" height=\"298\" srcset=\"https:\/\/www.bartsch-keramik.de\/wp-content\/uploads\/2015\/02\/IMG_1456-300x298.jpg 300w, https:\/\/www.bartsch-keramik.de\/wp-content\/uploads\/2015\/02\/IMG_1456-150x150.jpg 150w, https:\/\/www.bartsch-keramik.de\/wp-content\/uploads\/2015\/02\/IMG_1456-1024x1018.jpg 1024w\" sizes=\"auto, (max-width: 300px) 100vw, 300px\" \/><\/a>\u00a0\u00a0\u00a0\u00a0\u00a0<a href=\"https:\/\/www.bartsch-keramik.de\/wordpress\/wp-content\/uploads\/2015\/01\/IMG_1336.jpg\">\u00a0\u00a0\u00a0\u00a0\u00a0 <\/a><a href=\"https:\/\/www.bartsch-keramik.de\/wordpress\/wp-content\/uploads\/2015\/01\/036_33.jpg\">\u00a0\u00a0\u00a0\u00a0\u00a0 <\/a><\/p>\n<p>.<\/p>\n<p><a href=\"https:\/\/www.bartsch-keramik.de\/wordpress\/wp-content\/uploads\/2014\/01\/IMG_1036.jpg\">\u00a0\u00a0<\/a>\u00a0 \u00a0 \u00a0 \u00a0 <a href=\"https:\/\/www.bartsch-keramik.de\/wordpress\/wp-content\/uploads\/2014\/01\/IMG_1036.jpg\"> \u00a0 \u00a0\u00a0\u00a0<\/a><\/p>\n<h3><span style=\"color: #000000;\">In meiner Werkstatt werden keramische Produkte ausschlie\u00dflich in Handarbeit gefertigt.<\/span><\/h3>\n<h3><span style=\"color: #000000;\">Sie haben gesundheitlich unbedenkliche Glasuren und werden auf Steinzeugtemperatur gebrannt.<\/span><\/h3>\n<h3><span style=\"color: #000000;\">Sie sind sp\u00fclmaschinengeeignet und\u00a0 wasserdicht.<\/span><\/h3>\n<h3><span style=\"color: #000000;\">Sie basieren auf eigenen Ideen und Entw\u00fcrfen.<\/span><\/h3>\n<h3><span style=\"color: #000000;\"> Ich bin aber auch offen f\u00fcr Auftragsarbeiten und Spezialanfertigungen<\/span><span style=\"color: #000000;\">.<\/span><\/h3>\n<h3><span style=\"color: #000000;\"> Ich bin nicht \u00b4Amazon`, und nicht alle vorgestellten Produkte und Objekte sind vorr\u00e4tig, aber mit<\/span><\/h3>\n<h3><span style=\"color: #000000;\"> Geduld von Ihrer Seite k\u00f6nnen viele W\u00fcnsche erf\u00fcllt werden.<\/span><\/h3>\n<p><strong>.<\/strong><\/p>\n<h5>.<\/h5>\n<p>&nbsp;<\/p>\n<p><span style=\"color: #000000;\"><a href=\"https:\/\/www.bartsch-keramik.de\/wordpress\/wp-content\/uploads\/2015\/01\/IMG_0145.jpg\">\u00a0<\/a><\/span><span style=\"color: #000000;\"><a href=\"https:\/\/www.bartsch-keramik.de\/wp-content\/uploads\/2015\/01\/IMG_0145.jpg\"><img loading=\"lazy\" decoding=\"async\" class=\"alignnone wp-image-371 size-medium\" src=\"https:\/\/www.bartsch-keramik.de\/wp-content\/uploads\/2015\/01\/IMG_0145-225x300.jpg\" alt=\"IMG_0145\" width=\"225\" height=\"300\" srcset=\"https:\/\/www.bartsch-keramik.de\/wp-content\/uploads\/2015\/01\/IMG_0145-225x300.jpg 225w, https:\/\/www.bartsch-keramik.de\/wp-content\/uploads\/2015\/01\/IMG_0145-768x1024.jpg 768w\" sizes=\"auto, (max-width: 225px) 100vw, 225px\" \/><\/a><\/span><span style=\"color: #000000;\"><a href=\"https:\/\/www.bartsch-keramik.de\/wordpress\/wp-content\/uploads\/2015\/01\/161.jpg\">\u00a0\u00a0\u00a0\u00a0\u00a0\u00a0\u00a0\u00a0\u00a0\u00a0\u00a0\u00a0\u00a0\u00a0\u00a0\u00a0 <\/a><\/span><span style=\"color: #000000;\"><a href=\"https:\/\/www.bartsch-keramik.de\/wp-content\/uploads\/2015\/01\/IMG_1255.jpg\"><img loading=\"lazy\" decoding=\"async\" class=\"alignnone wp-image-372 size-medium\" src=\"https:\/\/www.bartsch-keramik.de\/wp-content\/uploads\/2015\/01\/IMG_1255-225x300.jpg\" alt=\"IMG_1255\" width=\"225\" height=\"300\" srcset=\"https:\/\/www.bartsch-keramik.de\/wp-content\/uploads\/2015\/01\/IMG_1255-225x300.jpg 225w, https:\/\/www.bartsch-keramik.de\/wp-content\/uploads\/2015\/01\/IMG_1255-768x1024.jpg 768w\" sizes=\"auto, (max-width: 225px) 100vw, 225px\" \/><\/a><\/span><span style=\"color: #000000;\"> \u00a0 \u00a0 \u00a0 \u00a0 \u00a0 \u00a0 \u00a0 \u00a0 <\/span><span style=\"color: #000000;\"><a href=\"https:\/\/www.bartsch-keramik.de\/wp-content\/uploads\/2015\/01\/161.jpg\"><img loading=\"lazy\" decoding=\"async\" class=\"alignnone wp-image-373 size-medium\" src=\"https:\/\/www.bartsch-keramik.de\/wp-content\/uploads\/2015\/01\/161-225x300.jpg\" alt=\"161\" width=\"225\" height=\"300\" srcset=\"https:\/\/www.bartsch-keramik.de\/wp-content\/uploads\/2015\/01\/161-225x300.jpg 225w, https:\/\/www.bartsch-keramik.de\/wp-content\/uploads\/2015\/01\/161-768x1024.jpg 768w\" sizes=\"auto, (max-width: 225px) 100vw, 225px\" \/><\/a><\/span><\/p>\n<p>&nbsp;<\/p>\n<h3><span style=\"color: #000000;\">Die Oberfl\u00e4chen k\u00f6nnen grob strukturiert oder glatt sein<\/span><span style=\"color: #000000;\">.<\/span><\/h3>\n","protected":false},"excerpt":{"rendered":"<p>\u00a0\u00a0\u00a0\u00a0\u00a0\u00a0\u00a0\u00a0\u00a0\u00a0\u00a0\u00a0\u00a0\u00a0\u00a0\u00a0\u00a0\u00a0\u00a0 \u00a0\u00a0\u00a0\u00a0\u00a0\u00a0\u00a0\u00a0\u00a0\u00a0 \u00a0\u00a0\u00a0\u00a0\u00a0 . \u00a0\u00a0\u00a0 \u00a0 \u00a0 \u00a0 \u00a0 \u00a0\u00a0\u00a0 In meiner Werkstatt werden keramische Produkte ausschlie\u00dflich in Handarbeit gefertigt. Sie haben gesundheitlich unbedenkliche Glasuren und werden auf Steinzeugtemperatur gebrannt. Sie sind sp\u00fclmaschinengeeignet und\u00a0 wasserdicht. Sie basieren auf eigenen Ideen und Entw\u00fcrfen. Ich bin aber auch offen f\u00fcr Auftragsarbeiten und Spezialanfertigungen. Ich bin nicht \u00b4Amazon`, [&hellip;]<\/p>\n","protected":false},"author":2,"featured_media":0,"parent":0,"menu_order":0,"comment_status":"open","ping_status":"open","template":"","meta":{"footnotes":""},"class_list":["post-30","page","type-page","status-publish","hentry"],"_links":{"self":[{"href":"https:\/\/www.bartsch-keramik.de\/index.php?rest_route=\/wp\/v2\/pages\/30","targetHints":{"allow":["GET"]}}],"collection":[{"href":"https:\/\/www.bartsch-keramik.de\/index.php?rest_route=\/wp\/v2\/pages"}],"about":[{"href":"https:\/\/www.bartsch-keramik.de\/index.php?rest_route=\/wp\/v2\/types\/page"}],"author":[{"embeddable":true,"href":"https:\/\/www.bartsch-keramik.de\/index.php?rest_route=\/wp\/v2\/users\/2"}],"replies":[{"embeddable":true,"href":"https:\/\/www.bartsch-keramik.de\/index.php?rest_route=%2Fwp%2Fv2%2Fcomments&post=30"}],"version-history":[{"count":40,"href":"https:\/\/www.bartsch-keramik.de\/index.php?rest_route=\/wp\/v2\/pages\/30\/revisions"}],"predecessor-version":[{"id":753,"href":"https:\/\/www.bartsch-keramik.de\/index.php?rest_route=\/wp\/v2\/pages\/30\/revisions\/753"}],"wp:attachment":[{"href":"https:\/\/www.bartsch-keramik.de\/index.php?rest_route=%2Fwp%2Fv2%2Fmedia&parent=30"}],"curies":[{"name":"wp","href":"https:\/\/api.w.org\/{rel}","templated":true}]}}